{"id":2255,"date":"2020-09-14T22:08:45","date_gmt":"2020-09-15T01:08:45","guid":{"rendered":"http:\/\/www.agiamagallanes.cl\/expovirtual\/product\/a-todos-los-chicos-de-los-que-me-enamore-jenny-han-%c2%b7\/"},"modified":"2020-09-14T22:08:45","modified_gmt":"2020-09-15T01:08:45","slug":"a-todos-los-chicos-de-los-que-me-enamore-jenny-han-%c2%b7","status":"publish","type":"product","link":"https:\/\/www.agiamagallanes.cl\/expovirtual\/product\/a-todos-los-chicos-de-los-que-me-enamore-jenny-han-%c2%b7\/","title":{"rendered":"A Todos los Chicos de los que me Enamor\u00e9 Jenny Han \u00b7"},"content":{"rendered":"","protected":false},"excerpt":{"rendered":"<p>Lara Jean guarda sus cartas de amor en una caja. No son cartas que le hayan enviado, las ha escrito ella, una por cada chico de los que se ha enamorado. En ellas se muestra tal cual es, porque sabe que nadie las leer\u00e1. Hasta que un d\u00eda alguien las env\u00eda por equivocaci\u00f3n y la vida amorosa de Lara Jean pasa de \u00abimaginaria \u00bb a estar totalmente fuera de control.<\/p>\n","protected":false},"featured_media":2254,"comment_status":"open","ping_status":"closed","template":"","meta":[],"_links":{"self":[{"href":"https:\/\/www.agiamagallanes.cl\/expovirtual\/wp-json\/wp\/v2\/product\/2255"}],"collection":[{"href":"https:\/\/www.agiamagallanes.cl\/expovirtual\/wp-json\/wp\/v2\/product"}],"about":[{"href":"https:\/\/www.agiamagallanes.cl\/expovirtual\/wp-json\/wp\/v2\/types\/product"}],"replies":[{"embeddable":true,"href":"https:\/\/www.agiamagallanes.cl\/expovirtual\/wp-json\/wp\/v2\/comments?post=2255"}],"wp:featuredmedia":[{"embeddable":true,"href":"https:\/\/www.agiamagallanes.cl\/expovirtual\/wp-json\/wp\/v2\/media\/2254"}],"wp:attachment":[{"href":"https:\/\/www.agiamagallanes.cl\/expovirtual\/wp-json\/wp\/v2\/media?parent=2255"}],"curies":[{"name":"wp","href":"https:\/\/api.w.org\/{rel}","templated":true}]}}