{"id":3034,"date":"2020-09-16T17:10:07","date_gmt":"2020-09-16T20:10:07","guid":{"rendered":"http:\/\/www.agiamagallanes.cl\/expovirtual\/product\/yo-antes-de-ti-moyes-jojo-%c2%b7\/"},"modified":"2020-09-21T21:00:06","modified_gmt":"2020-09-22T00:00:06","slug":"yo-antes-de-ti-moyes-jojo-%c2%b7","status":"publish","type":"product","link":"http:\/\/www.agiamagallanes.cl\/expovirtual\/product\/yo-antes-de-ti-moyes-jojo-%c2%b7\/","title":{"rendered":"Yo Antes de ti Moyes Jojo \u00b7"},"content":{"rendered":"","protected":false},"excerpt":{"rendered":"<p>Louisa Clark sabe muchas cosas. Sabe cu\u00e1ntos pasos hay entre la parada del autob\u00fas y su casa. Sabe que le gusta trabajar en el caf\u00e9 Buttered Bun y sabe que quiz\u00e1 no quiera a su novio Patrick. Lo que Lou no sabe es que est\u00e1 a punto de perder su trabajo. Will Traynor sabe que un accidente de moto se llev\u00f3 sus ganas de vivir. Sabe que ahora todo le parece insignificante y triste y sabe exactamente c\u00f3mo va a solucionarlo. Yo antes de ti re\u00fane a dos personas que no podr\u00edan tener menos en com\u00fan en una novela conmovedoramente rom\u00e1ntica con una pregunta: \u00bfQu\u00e9 decidir\u00edas cuando hacer feliz a la persona a la que amas significa tambi\u00e9n destrozarte el coraz\u00f3n?<\/p>\n","protected":false},"featured_media":3031,"comment_status":"open","ping_status":"closed","template":"","meta":[],"_links":{"self":[{"href":"http:\/\/www.agiamagallanes.cl\/expovirtual\/wp-json\/wp\/v2\/product\/3034"}],"collection":[{"href":"http:\/\/www.agiamagallanes.cl\/expovirtual\/wp-json\/wp\/v2\/product"}],"about":[{"href":"http:\/\/www.agiamagallanes.cl\/expovirtual\/wp-json\/wp\/v2\/types\/product"}],"replies":[{"embeddable":true,"href":"http:\/\/www.agiamagallanes.cl\/expovirtual\/wp-json\/wp\/v2\/comments?post=3034"}],"wp:featuredmedia":[{"embeddable":true,"href":"http:\/\/www.agiamagallanes.cl\/expovirtual\/wp-json\/wp\/v2\/media\/3031"}],"wp:attachment":[{"href":"http:\/\/www.agiamagallanes.cl\/expovirtual\/wp-json\/wp\/v2\/media?parent=3034"}],"curies":[{"name":"wp","href":"https:\/\/api.w.org\/{rel}","templated":true}]}}