{"id":2008,"date":"2020-09-14T16:29:22","date_gmt":"2020-09-14T19:29:22","guid":{"rendered":"http:\/\/www.agiamagallanes.cl\/expovirtual\/product\/servicios-de-mantenimiento-en-terreno\/"},"modified":"2020-09-15T18:02:35","modified_gmt":"2020-09-15T21:02:35","slug":"servicios-de-mantenimiento-en-terreno","status":"publish","type":"product","link":"http:\/\/www.agiamagallanes.cl\/expovirtual\/product\/servicios-de-mantenimiento-en-terreno\/","title":{"rendered":"Servicios de mantenimiento en terreno."},"content":{"rendered":"","protected":false},"excerpt":{"rendered":"<p>Nuestros servicios en terreno apuntan al \u00e1rea de mantenci\u00f3n el\u00e9ctrica, construcci\u00f3n y desarrollo de proyectos el\u00e9ctricos, destac\u00e1ndose entre estos: Puesta en servicio de equipos el\u00e9ctricos, Generaci\u00f3n, Sincronismo, Automatismos, Montaje de bancos de condensadores, mantenci\u00f3n y calibraci\u00f3n para control de reactivo.<\/p>\n","protected":false},"featured_media":2641,"comment_status":"open","ping_status":"closed","template":"","meta":[],"_links":{"self":[{"href":"http:\/\/www.agiamagallanes.cl\/expovirtual\/wp-json\/wp\/v2\/product\/2008"}],"collection":[{"href":"http:\/\/www.agiamagallanes.cl\/expovirtual\/wp-json\/wp\/v2\/product"}],"about":[{"href":"http:\/\/www.agiamagallanes.cl\/expovirtual\/wp-json\/wp\/v2\/types\/product"}],"replies":[{"embeddable":true,"href":"http:\/\/www.agiamagallanes.cl\/expovirtual\/wp-json\/wp\/v2\/comments?post=2008"}],"wp:featuredmedia":[{"embeddable":true,"href":"http:\/\/www.agiamagallanes.cl\/expovirtual\/wp-json\/wp\/v2\/media\/2641"}],"wp:attachment":[{"href":"http:\/\/www.agiamagallanes.cl\/expovirtual\/wp-json\/wp\/v2\/media?parent=2008"}],"curies":[{"name":"wp","href":"https:\/\/api.w.org\/{rel}","templated":true}]}}