{"id":1708,"date":"2020-09-13T22:39:05","date_gmt":"2020-09-14T01:39:05","guid":{"rendered":"http:\/\/www.agiamagallanes.cl\/expovirtual\/product\/linea-blanco-sobre-blanco\/"},"modified":"2020-09-13T22:39:05","modified_gmt":"2020-09-14T01:39:05","slug":"linea-blanco-sobre-blanco","status":"publish","type":"product","link":"http:\/\/www.agiamagallanes.cl\/expovirtual\/product\/linea-blanco-sobre-blanco\/","title":{"rendered":"L\u00cdNEA BLANCO SOBRE BLANCO"},"content":{"rendered":"","protected":false},"excerpt":{"rendered":"<p>DISE\u00d1OS INSPIRADOS EN LA ANT\u00c1RTICA-AGUAS SUBANT\u00c1RTICAS-ESTRECHO DE MAGALLANES<br \/>\nTAPICES DE AUTOR<br \/>\nENMARCADOS EN MADERA NATIVA<br \/>\nTEJIDAS EN TELAR ANCESTRAL<br \/>\nPINTADAS EN FIELTRO<\/p>\n","protected":false},"featured_media":1706,"comment_status":"open","ping_status":"closed","template":"","meta":[],"_links":{"self":[{"href":"http:\/\/www.agiamagallanes.cl\/expovirtual\/wp-json\/wp\/v2\/product\/1708"}],"collection":[{"href":"http:\/\/www.agiamagallanes.cl\/expovirtual\/wp-json\/wp\/v2\/product"}],"about":[{"href":"http:\/\/www.agiamagallanes.cl\/expovirtual\/wp-json\/wp\/v2\/types\/product"}],"replies":[{"embeddable":true,"href":"http:\/\/www.agiamagallanes.cl\/expovirtual\/wp-json\/wp\/v2\/comments?post=1708"}],"wp:featuredmedia":[{"embeddable":true,"href":"http:\/\/www.agiamagallanes.cl\/expovirtual\/wp-json\/wp\/v2\/media\/1706"}],"wp:attachment":[{"href":"http:\/\/www.agiamagallanes.cl\/expovirtual\/wp-json\/wp\/v2\/media?parent=1708"}],"curies":[{"name":"wp","href":"https:\/\/api.w.org\/{rel}","templated":true}]}}