{"id":1560,"date":"2020-09-13T19:57:42","date_gmt":"2020-09-13T22:57:42","guid":{"rendered":"http:\/\/www.agiamagallanes.cl\/expovirtual\/product\/peonias\/"},"modified":"2020-09-13T19:57:42","modified_gmt":"2020-09-13T22:57:42","slug":"peonias","status":"publish","type":"product","link":"http:\/\/www.agiamagallanes.cl\/expovirtual\/product\/peonias\/","title":{"rendered":"Peon\u00edas"},"content":{"rendered":"","protected":false},"excerpt":{"rendered":"<p>Las plantas de Peon\u00edas est\u00e1n en crecimiento, la floraci\u00f3n es en diciembre y enero.<\/p>\n","protected":false},"featured_media":1559,"comment_status":"open","ping_status":"closed","template":"","meta":[],"_links":{"self":[{"href":"http:\/\/www.agiamagallanes.cl\/expovirtual\/wp-json\/wp\/v2\/product\/1560"}],"collection":[{"href":"http:\/\/www.agiamagallanes.cl\/expovirtual\/wp-json\/wp\/v2\/product"}],"about":[{"href":"http:\/\/www.agiamagallanes.cl\/expovirtual\/wp-json\/wp\/v2\/types\/product"}],"replies":[{"embeddable":true,"href":"http:\/\/www.agiamagallanes.cl\/expovirtual\/wp-json\/wp\/v2\/comments?post=1560"}],"wp:featuredmedia":[{"embeddable":true,"href":"http:\/\/www.agiamagallanes.cl\/expovirtual\/wp-json\/wp\/v2\/media\/1559"}],"wp:attachment":[{"href":"http:\/\/www.agiamagallanes.cl\/expovirtual\/wp-json\/wp\/v2\/media?parent=1560"}],"curies":[{"name":"wp","href":"https:\/\/api.w.org\/{rel}","templated":true}]}}